{"id":204868,"date":"2023-01-24T15:20:00","date_gmt":"2023-01-24T14:20:00","guid":{"rendered":"https:\/\/www.proterrasancta.org\/?page_id=204868"},"modified":"2023-07-27T10:58:09","modified_gmt":"2023-07-27T08:58:09","slug":"festa-assunzione-di-maria","status":"publish","type":"page","link":"https:\/\/preprod.proterrasancta.org\/it\/festa-assunzione-di-maria\/","title":{"rendered":"Festa Assunzione di Maria"},"content":{"rendered":"\n<div class=\"wp-block-kadence-rowlayout alignnone\"><div id=\"kt-layout-id_9d9316-bd\" class=\"kt-row-layout-inner kt-row-has-bg kt-layout-id_9d9316-bd kt-jarallax\"><div class=\"kt-row-layout-overlay kt-row-overlay-normal\"><\/div><div class=\"kt-row-column-wrap kt-has-2-columns kt-gutter-default kt-v-gutter-default kt-row-valign-top kt-row-layout-equal kt-tab-layout-row kt-m-colapse-left-to-right kt-mobile-layout-row  kt-custom-first-width-66.7  kt-custom-second-width-33.3\">\n<div class=\"wp-block-kadence-column inner-column-1 kadence-column_a4059b-e4\"><div class=\"kt-inside-inner-col\">\n<h5 class=\"kt-adv-heading_852ddc-10 wp-block-kadence-advancedheading has-yellow-color has-text-color\" data-kb-block=\"kb-adv-heading_852ddc-10\"><strong>15 AGOSTO 2023<\/strong><\/h5>\n\n\n\n<h1 class=\"kt-adv-heading_cfeb29-60 wp-block-kadence-advancedheading has-white-color has-text-color\" data-kb-block=\"kb-adv-heading_cfeb29-60\">La Festa dell&#8217;Assunzione di Maria<\/h1>\n\n\n\n<div class=\"wp-block-kadence-rowlayout alignnone\"><div id=\"kt-layout-id_ecbcce-83\" class=\"kt-row-layout-inner kt-layout-id_ecbcce-83\"><div class=\"kt-row-column-wrap kt-has-2-columns kt-gutter-none kt-v-gutter-none kt-row-valign-top kt-row-layout-equal kt-tab-layout-row kt-m-colapse-left-to-right kt-mobile-layout-row  kt-custom-first-width-14.8  kt-custom-second-width-85.2\">\n<div class=\"wp-block-kadence-column inner-column-1 kadence-column_e4eb7f-b9 kvs-md-false kvs-sm-false\"><div class=\"kt-inside-inner-col\"><\/div><\/div>\n\n\n\n<div class=\"wp-block-kadence-column inner-column-2 kadence-column_5f4cf7-53\"><div class=\"kt-inside-inner-col\">\n<p class=\"kt-adv-heading_bf9cd7-99 wp-block-kadence-advancedheading has-theme-palette-9-color has-text-color\" data-kb-block=\"kb-adv-heading_bf9cd7-99\"><br>Nel mezzo dell\u2019estate, quando le attivit\u00e0 si fermano e cominciano i giochi tra la sabbia, l\u2019acqua e gli ombrelloni,&nbsp;<strong>il calendario liturgico non si arresta<\/strong>&nbsp;e anzi, ci ricorda una delle feste pi\u00f9 importanti e belle della religione cristiano-cattolica. \u00c8&nbsp;<strong>l\u2019Assunzione della Beata Vergine Maria, che ricorda l\u2019ascesa al cielo della Madre di Dio dopo il suo transito terreno.<\/strong><\/p>\n<\/div><\/div>\n<\/div><\/div><\/div>\n<\/div><\/div>\n\n\n\n<div class=\"wp-block-kadence-column inner-column-2 kadence-column_b783a7-73 kvs-md-false kvs-sm-false\"><div class=\"kt-inside-inner-col\"><\/div><\/div>\n<\/div><\/div><\/div>\n\n\n\n<div class=\"wp-block-kadence-rowlayout alignnone\"><div id=\"kt-layout-id_1a6136-cc\" class=\"kt-row-layout-inner kt-layout-id_1a6136-cc\"><div class=\"kt-row-column-wrap kt-has-2-columns kt-gutter-default kt-v-gutter-default kt-row-valign-top kt-row-layout-equal kt-tab-layout-row kt-m-colapse-left-to-right kt-mobile-layout-row  kt-custom-first-width-41.6  kt-custom-second-width-58.4\">\n<div class=\"wp-block-kadence-column inner-column-1 kadence-column_b9dfcd-90\"><div class=\"kt-inside-inner-col\">\n<figure class=\"wp-block-kadence-image kb-image_c0d291-51 size-full\"><img loading=\"lazy\" decoding=\"async\" width=\"500\" height=\"700\" src=\"https:\/\/www.proterrasancta.org\/wp-content\/uploads\/assunzione-1.png\" alt=\"assunzione\" class=\"kb-img wp-image-204253\" srcset=\"https:\/\/preprod.proterrasancta.org\/wp-content\/uploads\/assunzione-1.png 500w, https:\/\/preprod.proterrasancta.org\/wp-content\/uploads\/assunzione-1-400x560.png 400w, https:\/\/preprod.proterrasancta.org\/wp-content\/uploads\/assunzione-1-240x336.png 240w\" sizes=\"(max-width: 500px) 100vw, 500px\" \/><\/figure>\n<\/div><\/div>\n\n\n\n<div class=\"wp-block-kadence-column inner-column-2 kadence-column_390b3f-12\"><div class=\"kt-inside-inner-col\">\n<p>Non c\u2019\u00e8 traccia di un episodio simile nella Sacra Scrittura, ed&nbsp;<strong>\u00e8 solo la tradizione cristiana successiva a chiarirne l\u2019andamento.<\/strong>&nbsp;A partire da alcuni scritti del IV secolo, infatti, \u00e8 venuta crescendo la dottrina per cui la Beata Vergine Maria, non corrotta dal peccato originale,&nbsp;<strong>non potesse andare corrotta neppure al momento della sua dipartita dalla Terra.&nbsp;<\/strong>Questo significava che Maria, compiuto il suo tempo terreno, fu&nbsp;<strong>assunta in anima e corpo al cielo<\/strong>. Origina da qui la festa dell\u2019Assunzione di Maria al cielo. Non \u00e8 chiaro se Maria abbia o meno attraversato la morte corporale. C\u2019\u00e8 chi dice di s\u00ec, e che il sito della&nbsp;<strong>tomba della Vergine<\/strong>, nei pressi del Getsemani, ricordi proprio questo. C\u2019\u00e8 chi dice di no, che la Vergine and\u00f2 incontro ad una semplice \u2018<strong>Dormizione<\/strong>\u2019, un sonno profondo che si ricorda all\u2019interno del maestoso santuario nei pressi del Cenacolo, dedicato proprio alla&nbsp;<em>Dormitio Beatae Virginis Mariae<\/em>. N\u00e9 l\u2019una n\u00e9 l\u2019altra ipotesi sono argomenti di fede: se Ges\u00f9 stesso pot\u00e9 attraversare l\u2019esperienza della morte, uscendone vivo e vittorioso, perch\u00e9 non pot\u00e9 compiere lo stesso anche sua madre, specchio della grazia e della potenza dello Spirito Santo?<\/p>\n<\/div><\/div>\n<\/div><\/div><\/div>\n\n\n\n<div class=\"wp-block-kadence-rowlayout alignnone\"><div id=\"kt-layout-id_ee511c-9c\" class=\"kt-row-layout-inner kt-row-has-bg kt-layout-id_ee511c-9c\"><div class=\"kt-row-column-wrap kt-has-1-columns kt-gutter-default kt-v-gutter-default kt-row-valign-top kt-row-layout-equal kt-tab-layout-inherit kt-m-colapse-left-to-right kt-mobile-layout-row\">\n<div class=\"wp-block-kadence-column inner-column-1 kadence-column_34357c-4b\"><div class=\"kt-inside-inner-col\">\n<div class=\"wp-block-kadence-rowlayout alignnone\"><div id=\"kt-layout-id_e6c44c-62\" class=\"kt-row-layout-inner kt-layout-id_e6c44c-62\"><div class=\"kt-row-column-wrap kt-has-1-columns kt-gutter-default kt-v-gutter-default kt-row-valign-top kt-row-layout-equal kt-tab-layout-inherit kt-m-colapse-left-to-right kt-mobile-layout-row\">\n<div class=\"wp-block-kadence-column inner-column-1 kadence-column_01ac3a-7a\"><div class=\"kt-inside-inner-col\">\n<h2 class=\"kt-adv-heading_a9a8a7-e0 wp-block-kadence-advancedheading has-theme-palette-9-color has-text-color\" data-kb-block=\"kb-adv-heading_a9a8a7-e0\">Le funzioni solenni in memoria della Vergine Assunta in Cielo<\/h2>\n<\/div><\/div>\n<\/div><\/div><\/div>\n\n\n\n<div class=\"wp-block-kadence-rowlayout alignnone\"><div id=\"kt-layout-id_52a055-01\" class=\"kt-row-layout-inner kt-layout-id_52a055-01\"><div class=\"kt-row-column-wrap kt-has-2-columns kt-gutter-wider kt-v-gutter-default kt-row-valign-top kt-row-layout-equal kt-tab-layout-row kt-m-colapse-left-to-right kt-mobile-layout-row\">\n<div class=\"wp-block-kadence-column inner-column-1 kadence-column_7575e0-a6\"><div class=\"kt-inside-inner-col\">\n<p class=\"has-white-color has-text-color\"><strong>Nella Grotta presso il Getsemani<\/strong>, dove un\u2019antica tradizione riporta che il corpo di Maria (addormentata o morta che fosse) ripos\u00f2 prima che la Vergine fosse assunta in Cielo, i frati francescani svolgeranno una funzione a partire dalle ore 20.30. Nella luce soffusa di Gerusalemme, la sera, di fronte al magnifico teatro delle mura della Citt\u00e0 Vecchia, intessuta dell\u2019oro della Cupola della Roccia e delle mille luci che la punteggiano,&nbsp;<strong>i frati minori cominceranno a pregare intensamente sul mistero dell\u2019Assunzione<\/strong>.<\/p>\n<\/div><\/div>\n\n\n\n<div class=\"wp-block-kadence-column inner-column-2 kadence-column_c1abf2-ea\"><div class=\"kt-inside-inner-col\">\n<p class=\"has-white-color has-text-color\">E questa preghiera in Gerusalemme arder\u00e0 \u2013 un po\u2019 come il fuoco da Maria ricevuto a Pentecoste \u2013&nbsp;<strong>per tutto il giorno successivo<\/strong>: dopo la messa delle 7.30 in arabo presso la grotta della Viglia, alle 10.00 nella Basilica di tutte le Nazioni, il Custode presieder\u00e0 una messa solenne. E poi continuer\u00e0 la preghiera fino a sera, con i vespri alle 16.30 e la pellegrinazione dei francescani presso la tomba di Maria intorno alle 17.00.<\/p>\n<\/div><\/div>\n<\/div><\/div><\/div>\n\n\n\n<div class=\"wp-block-kadence-rowlayout alignnone\"><div id=\"kt-layout-id_c7a1e1-4a\" class=\"kt-row-layout-inner kt-layout-id_c7a1e1-4a\"><div class=\"kt-row-column-wrap kt-has-1-columns kt-gutter-default kt-v-gutter-default kt-row-valign-top kt-row-layout-equal kt-tab-layout-inherit kt-m-colapse-left-to-right kt-mobile-layout-row\">\n<div class=\"wp-block-kadence-column inner-column-1 kadence-column_6d742e-c5\"><div class=\"kt-inside-inner-col\">\n<figure class=\"wp-block-kadence-image kb-image_088ba8-ea size-large\"><img loading=\"lazy\" decoding=\"async\" width=\"1000\" height=\"563\" src=\"https:\/\/www.proterrasancta.org\/wp-content\/uploads\/assunzione-2-1000x563.png\" alt=\"assunzione\n\" class=\"kb-img wp-image-204260\" srcset=\"https:\/\/preprod.proterrasancta.org\/wp-content\/uploads\/assunzione-2-1000x563.png 1000w, https:\/\/preprod.proterrasancta.org\/wp-content\/uploads\/assunzione-2-400x225.png 400w, https:\/\/preprod.proterrasancta.org\/wp-content\/uploads\/assunzione-2-240x135.png 240w, https:\/\/preprod.proterrasancta.org\/wp-content\/uploads\/assunzione-2-768x432.png 768w, https:\/\/preprod.proterrasancta.org\/wp-content\/uploads\/assunzione-2-1536x864.png 1536w, https:\/\/preprod.proterrasancta.org\/wp-content\/uploads\/assunzione-2.png 1920w\" sizes=\"(max-width: 1000px) 100vw, 1000px\" \/><\/figure>\n<\/div><\/div>\n<\/div><\/div><\/div>\n<\/div><\/div>\n<\/div><\/div><\/div>\n\n\n\n<div style=\"height:250px\" aria-hidden=\"true\" class=\"wp-block-spacer\"><\/div>\n\n\n\n<div class=\"wp-block-kadence-rowlayout alignnone\"><div id=\"kt-layout-id_618819-7d\" class=\"kt-row-layout-inner kt-layout-id_618819-7d\"><div class=\"kt-row-column-wrap kt-has-1-columns kt-gutter-default kt-v-gutter-default kt-row-valign-top kt-row-layout-equal kt-tab-layout-inherit kt-m-colapse-left-to-right kt-mobile-layout-row\">\n<div class=\"wp-block-kadence-column inner-column-1 kadence-column_8d20db-ff\"><div class=\"kt-inside-inner-col\">\n<h5 class=\"kt-adv-heading_a0a1d2-3b wp-block-kadence-advancedheading has-red-color has-text-color\" data-kb-block=\"kb-adv-heading_a0a1d2-3b\"><strong>TERRA SANTA<\/strong><\/h5>\n\n\n\n<h2 class=\"kt-adv-heading_1e410d-84 wp-block-kadence-advancedheading has-black-color has-text-color\" data-kb-block=\"kb-adv-heading_1e410d-84\">Sostieni le nostre attivit\u00e0<\/h2>\n\n\n\n<p class=\"has-text-align-center has-black-color has-text-color\">Conserviamo il <strong>ricco patrimonio culturale e naturale<\/strong> con l\u2019obiettivo di accrescere la consapevolezza del loro valore in tutte le comunit\u00e0 locali.<\/p>\n\n\n\n<p class=\"has-text-align-center has-black-color has-text-color\">Promuoviamo attivit\u00e0 di recupero e valorizzazione del patrimonio in quanto opportunit\u00e0 per formare artigiani qualificati, occupare i giovani, le donne e persone con disabilit\u00e0 e generare fonti di reddito e nuove forme di accoglienza tramite iniziative socio-imprenditoriali legate al turismo.<\/p>\n<\/div><\/div>\n<\/div><\/div><\/div>\n\n\n\n<div class=\"wp-block-kadence-rowlayout alignnone\" id=\"dona\"><div id=\"kt-layout-id_39a7f8-34\" class=\"kt-row-layout-inner kt-layout-id_39a7f8-34\"><div class=\"kt-row-column-wrap kt-has-2-columns kt-gutter-skinny kt-v-gutter-default kt-row-valign-top kt-row-layout-equal kt-tab-layout-inherit kt-m-colapse-left-to-right kt-mobile-layout-row  kt-custom-first-width-50  kt-custom-second-width-50\">\n<div class=\"wp-block-kadence-column inner-column-1 kadence-column_366350-dc\"><div class=\"kt-inside-inner-col\">\n<h3 class=\"has-text-align-center has-red-color has-text-color wp-block-heading\" id=\"h-con-carta-di-credito-paypal-o-satispay\">CON CARTA DI CREDITO, PAYPAL O SATISPAY <\/h3>\n\n\n\n<div style=\"height:11px\" aria-hidden=\"true\" class=\"wp-block-spacer\"><\/div>\n\n\n\n<div style=\"background-color:transparent\" class=\"wp-block-proterrasancta-form-donate\"><div class=\"container px-0\"><div id=\"form-donate-root\" class=\"form-donate-root\" data-card-color=\"white\" data-lng=\"it\" data-icon1=\"supporto\" data-icon2=\"supporto\" data-icon3=\"supporto\" data-ask1=\"30\" data-ask2=\"50\" data-ask3=\"100\" data-ask1-text=\"\" data-ask2-text=\"\" data-ask3-text=\"\" data-campaign-tag=\"23_EM_LUOGHI_SANTI_23466\" data-paypal-key=\"AXlo5BqnfFZyW1uZxx5gkgYegrUCI86f7Q65TIABhmOq4Kt5JEb1zM1NdRUKDtV0obCFXmhjIC1tXxQ8\" data-stripe-key=\"pk_live_51HoUXjJhU1LmKSdSbkxGlrACRcf4LTv1RqqzDcqKytqJzbs1tzvrgsw5sRp5USAUGdCg8fHwNbTtvWCTlUno6gSB00fvqTKLzg\" data-env=\"prod\" data-thank-you-url=\"\" data-form-type=\"standard\" data-form-shape=\"form\"><\/div><\/div><\/div>\n\n\n\n<div style=\"height:32px\" aria-hidden=\"true\" class=\"wp-block-spacer\"><\/div>\n\n\n\n<h3 class=\"has-red-color has-text-color wp-block-heading\" id=\"h-donare-conviene\">DONARE CONVIENE!<\/h3>\n\n\n\n<p>Tutte le donazioni a Pro Terra Sancta sono deducibili o detraibili in fase di dichiarazione dei redditi.<br>Scopri come fruire dei benefici fiscali concessi dalla legge&nbsp;<a href=\"https:\/\/www.proterrasancta.org\/wp-content\/uploads\/2301-promemoria-Benefici-Fiscali-PTSN-1.pdf\" target=\"_blank\" rel=\"noreferrer noopener\">cliccando qui<\/a><\/p>\n<\/div><\/div>\n\n\n\n<div class=\"wp-block-kadence-column inner-column-2 kadence-column_3c190a-fa\"><div class=\"kt-inside-inner-col\">\n<div id=\"kt-info-box_44f143-b5\" class=\"wp-block-kadence-infobox\"><a class=\"kt-blocks-info-box-link-wrap info-box-link kt-blocks-info-box-media-align-top kt-info-halign-center\"><div class=\"kt-blocks-info-box-media-container\"><div class=\"kt-blocks-info-box-media kt-info-media-animate-none\"><div class=\"kadence-info-box-icon-container kt-info-icon-animate-none\"><div class=\"kadence-info-box-icon-inner-container\"><span style=\"display:block;justify-content:center;align-items:center\" class=\"kt-info-svg-icon kt-info-svg-icon-fas_paper-plane\"><svg style=\"display:inline-block;vertical-align:middle\" viewBox=\"0 0 512 512\" height=\"50\" width=\"50\" fill=\"currentColor\" xmlns=\"http:\/\/www.w3.org\/2000\/svg\" aria-hidden=\"true\"><path d=\"M476 3.2L12.5 270.6c-18.1 10.4-15.8 35.6 2.2 43.2L121 358.4l287.3-253.2c5.5-4.9 13.3 2.6 8.6 8.3L176 407v80.5c0 23.6 28.5 32.9 42.5 15.8L282 426l124.6 52.2c14.2 6 30.4-2.9 33-18.2l72-432C515 7.8 493.3-6.8 476 3.2z\"><\/path><\/svg><\/span><\/div><\/div><\/div><\/div><div class=\"kt-infobox-textcontent\"><h4 class=\"kt-blocks-info-box-title\"><strong>Con bonifico bancario<\/strong><\/h4><p class=\"kt-blocks-info-box-text\"><strong>PRO TERRA SANCTA NETWORK<br\/><\/strong>Banca Popolare Etica<br\/>IBAN: <strong>IT 04 U 05018 01600 000017145715<\/strong><br\/>Causale: Luoghi Santi 23466<\/p><\/div><\/a><\/div>\n\n\n\n<div style=\"height:19px\" aria-hidden=\"true\" class=\"wp-block-spacer\"><\/div>\n\n\n\n<div id=\"kt-info-box_33a465-c1\" class=\"wp-block-kadence-infobox\"><a class=\"kt-blocks-info-box-link-wrap info-box-link kt-blocks-info-box-media-align-top kt-info-halign-center\"><div class=\"kt-blocks-info-box-media-container\"><div class=\"kt-blocks-info-box-media kt-info-media-animate-none\"><div class=\"kadence-info-box-icon-container kt-info-icon-animate-none\"><div class=\"kadence-info-box-icon-inner-container\"><span style=\"display:block;justify-content:center;align-items:center\" class=\"kt-info-svg-icon kt-info-svg-icon-ic_closed\"><svg style=\"display:inline-block;vertical-align:middle\" viewBox=\"0 0 8 8\" height=\"50\" width=\"50\" fill=\"currentColor\" xmlns=\"http:\/\/www.w3.org\/2000\/svg\" aria-hidden=\"true\"><path d=\"M0 0v1l4 2 4-2v-1h-8zm0 2v4h8v-4l-4 2-4-2z\" transform=\"translate(0 1)\"><\/path><\/svg><\/span><\/div><\/div><\/div><\/div><div class=\"kt-infobox-textcontent\"><h4 class=\"kt-blocks-info-box-title\"><strong>Con bollettino postale<\/strong><\/h4><p class=\"kt-blocks-info-box-text\"><strong>PRO TERRA SANCTA NETWORK<br\/><\/strong>Conto corrente postale n. <strong>1057333393<\/strong><br\/> Causale: Luoghi Santi 23466<\/p><\/div><\/a><\/div>\n\n\n\n<div style=\"height:27px\" aria-hidden=\"true\" class=\"wp-block-spacer\"><\/div>\n\n\n\n<div style=\"height:9px\" aria-hidden=\"true\" class=\"wp-block-spacer\"><\/div>\n<\/div><\/div>\n<\/div><\/div><\/div>\n","protected":false},"excerpt":{"rendered":"","protected":false},"author":35,"featured_media":204871,"parent":0,"menu_order":0,"comment_status":"closed","ping_status":"closed","template":"templates\/longform.php","meta":{"_acf_changed":false,"inline_featured_image":false,"footnotes":""},"categories":[],"class_list":["post-204868","page","type-page","status-publish","has-post-thumbnail","hentry"],"acf":[],"yoast_head":"<!-- This site is optimized with the Yoast SEO Premium plugin v17.7 (Yoast SEO v19.14) - https:\/\/yoast.com\/wordpress\/plugins\/seo\/ -->\n<title>Festa Assunzione di Maria | Pro Terra Sancta<\/title>\n<meta name=\"description\" content=\"Oggi \u00e8 l\u2019Assunzione della Beata Vergine Maria, che ricorda l\u2019ascesa al cielo della Madre di Dio dopo il suo transito terreno\" \/>\n<meta name=\"robots\" content=\"noindex, nofollow\" \/>\n<meta property=\"og:locale\" content=\"it_IT\" \/>\n<meta property=\"og:type\" content=\"article\" \/>\n<meta property=\"og:title\" content=\"Festa Assunzione di Maria\" \/>\n<meta property=\"og:description\" content=\"Oggi \u00e8 l\u2019Assunzione della Beata Vergine Maria, che ricorda l\u2019ascesa al cielo della Madre di Dio dopo il suo transito terreno\" \/>\n<meta property=\"og:url\" content=\"https:\/\/preprod.proterrasancta.org\/it\/festa-assunzione-di-maria\/\" \/>\n<meta property=\"og:site_name\" content=\"Pro Terra Sancta\" \/>\n<meta property=\"article:publisher\" content=\"https:\/\/www.facebook.com\/proterrasancta\/\" \/>\n<meta property=\"article:modified_time\" content=\"2023-07-27T08:58:09+00:00\" \/>\n<meta property=\"og:image\" content=\"https:\/\/preprod.proterrasancta.org\/wp-content\/uploads\/banner-2-6-1000x583.png\" \/>\n\t<meta property=\"og:image:width\" content=\"1000\" \/>\n\t<meta property=\"og:image:height\" content=\"583\" \/>\n\t<meta property=\"og:image:type\" content=\"image\/png\" \/>\n<meta name=\"twitter:card\" content=\"summary_large_image\" \/>\n<meta name=\"twitter:site\" content=\"@proterrasancta\" \/>\n<meta name=\"twitter:label1\" content=\"Tempo di lettura stimato\" \/>\n\t<meta name=\"twitter:data1\" content=\"4 minuti\" \/>\n<script type=\"application\/ld+json\" class=\"yoast-schema-graph\">{\"@context\":\"https:\/\/schema.org\",\"@graph\":[{\"@type\":\"WebPage\",\"@id\":\"https:\/\/preprod.proterrasancta.org\/it\/festa-assunzione-di-maria\/\",\"url\":\"https:\/\/preprod.proterrasancta.org\/it\/festa-assunzione-di-maria\/\",\"name\":\"Festa Assunzione di Maria | Pro Terra Sancta\",\"isPartOf\":{\"@id\":\"https:\/\/preprod.proterrasancta.org\/it\/#website\"},\"datePublished\":\"2023-01-24T14:20:00+00:00\",\"dateModified\":\"2023-07-27T08:58:09+00:00\",\"description\":\"Oggi \u00e8 l\u2019Assunzione della Beata Vergine Maria, che ricorda l\u2019ascesa al cielo della Madre di Dio dopo il suo transito terreno\",\"breadcrumb\":{\"@id\":\"https:\/\/preprod.proterrasancta.org\/it\/festa-assunzione-di-maria\/#breadcrumb\"},\"inLanguage\":\"it-IT\",\"potentialAction\":[{\"@type\":\"ReadAction\",\"target\":[\"https:\/\/preprod.proterrasancta.org\/it\/festa-assunzione-di-maria\/\"]}]},{\"@type\":\"BreadcrumbList\",\"@id\":\"https:\/\/preprod.proterrasancta.org\/it\/festa-assunzione-di-maria\/#breadcrumb\",\"itemListElement\":[{\"@type\":\"ListItem\",\"position\":1,\"name\":\"Home\",\"item\":\"https:\/\/preprod.proterrasancta.org\/it\/\"},{\"@type\":\"ListItem\",\"position\":2,\"name\":\"Festa Assunzione di Maria\"}]},{\"@type\":\"WebSite\",\"@id\":\"https:\/\/preprod.proterrasancta.org\/it\/#website\",\"url\":\"https:\/\/preprod.proterrasancta.org\/it\/\",\"name\":\"Pro Terra Sancta\",\"description\":\"To foster bonds between the Holy Land and the world\",\"publisher\":{\"@id\":\"https:\/\/preprod.proterrasancta.org\/it\/#organization\"},\"potentialAction\":[{\"@type\":\"SearchAction\",\"target\":{\"@type\":\"EntryPoint\",\"urlTemplate\":\"https:\/\/preprod.proterrasancta.org\/it\/?s={search_term_string}\"},\"query-input\":\"required name=search_term_string\"}],\"inLanguage\":\"it-IT\"},{\"@type\":\"Organization\",\"@id\":\"https:\/\/preprod.proterrasancta.org\/it\/#organization\",\"name\":\"Associazione Pro Terra Sancta\",\"url\":\"https:\/\/preprod.proterrasancta.org\/it\/\",\"logo\":{\"@type\":\"ImageObject\",\"inLanguage\":\"it-IT\",\"@id\":\"https:\/\/preprod.proterrasancta.org\/it\/#\/schema\/logo\/image\/\",\"url\":\"https:\/\/www.proterrasancta.org\/wp-content\/uploads\/Logo_ProTerraSancta_Colori_web_high_modificato.jpg\",\"contentUrl\":\"https:\/\/www.proterrasancta.org\/wp-content\/uploads\/Logo_ProTerraSancta_Colori_web_high_modificato.jpg\",\"width\":1018,\"height\":576,\"caption\":\"Associazione Pro Terra Sancta\"},\"image\":{\"@id\":\"https:\/\/preprod.proterrasancta.org\/it\/#\/schema\/logo\/image\/\"},\"sameAs\":[\"https:\/\/www.instagram.com\/proterrasancta\/\",\"https:\/\/www.linkedin.com\/company\/pro-terra-sancta\/\",\"https:\/\/www.youtube.com\/user\/proterrasancta\",\"https:\/\/www.facebook.com\/proterrasancta\/\",\"https:\/\/twitter.com\/proterrasancta\"]}]}<\/script>\n<!-- \/ Yoast SEO Premium plugin. -->","yoast_head_json":{"title":"Festa Assunzione di Maria | Pro Terra Sancta","description":"Oggi \u00e8 l\u2019Assunzione della Beata Vergine Maria, che ricorda l\u2019ascesa al cielo della Madre di Dio dopo il suo transito terreno","robots":{"index":"noindex","follow":"nofollow"},"og_locale":"it_IT","og_type":"article","og_title":"Festa Assunzione di Maria","og_description":"Oggi \u00e8 l\u2019Assunzione della Beata Vergine Maria, che ricorda l\u2019ascesa al cielo della Madre di Dio dopo il suo transito terreno","og_url":"https:\/\/preprod.proterrasancta.org\/it\/festa-assunzione-di-maria\/","og_site_name":"Pro Terra Sancta","article_publisher":"https:\/\/www.facebook.com\/proterrasancta\/","article_modified_time":"2023-07-27T08:58:09+00:00","og_image":[{"width":1000,"height":583,"url":"https:\/\/preprod.proterrasancta.org\/wp-content\/uploads\/banner-2-6-1000x583.png","type":"image\/png"}],"twitter_card":"summary_large_image","twitter_site":"@proterrasancta","twitter_misc":{"Tempo di lettura stimato":"4 minuti"},"schema":{"@context":"https:\/\/schema.org","@graph":[{"@type":"WebPage","@id":"https:\/\/preprod.proterrasancta.org\/it\/festa-assunzione-di-maria\/","url":"https:\/\/preprod.proterrasancta.org\/it\/festa-assunzione-di-maria\/","name":"Festa Assunzione di Maria | Pro Terra Sancta","isPartOf":{"@id":"https:\/\/preprod.proterrasancta.org\/it\/#website"},"datePublished":"2023-01-24T14:20:00+00:00","dateModified":"2023-07-27T08:58:09+00:00","description":"Oggi \u00e8 l\u2019Assunzione della Beata Vergine Maria, che ricorda l\u2019ascesa al cielo della Madre di Dio dopo il suo transito terreno","breadcrumb":{"@id":"https:\/\/preprod.proterrasancta.org\/it\/festa-assunzione-di-maria\/#breadcrumb"},"inLanguage":"it-IT","potentialAction":[{"@type":"ReadAction","target":["https:\/\/preprod.proterrasancta.org\/it\/festa-assunzione-di-maria\/"]}]},{"@type":"BreadcrumbList","@id":"https:\/\/preprod.proterrasancta.org\/it\/festa-assunzione-di-maria\/#breadcrumb","itemListElement":[{"@type":"ListItem","position":1,"name":"Home","item":"https:\/\/preprod.proterrasancta.org\/it\/"},{"@type":"ListItem","position":2,"name":"Festa Assunzione di Maria"}]},{"@type":"WebSite","@id":"https:\/\/preprod.proterrasancta.org\/it\/#website","url":"https:\/\/preprod.proterrasancta.org\/it\/","name":"Pro Terra Sancta","description":"To foster bonds between the Holy Land and the world","publisher":{"@id":"https:\/\/preprod.proterrasancta.org\/it\/#organization"},"potentialAction":[{"@type":"SearchAction","target":{"@type":"EntryPoint","urlTemplate":"https:\/\/preprod.proterrasancta.org\/it\/?s={search_term_string}"},"query-input":"required name=search_term_string"}],"inLanguage":"it-IT"},{"@type":"Organization","@id":"https:\/\/preprod.proterrasancta.org\/it\/#organization","name":"Associazione Pro Terra Sancta","url":"https:\/\/preprod.proterrasancta.org\/it\/","logo":{"@type":"ImageObject","inLanguage":"it-IT","@id":"https:\/\/preprod.proterrasancta.org\/it\/#\/schema\/logo\/image\/","url":"https:\/\/www.proterrasancta.org\/wp-content\/uploads\/Logo_ProTerraSancta_Colori_web_high_modificato.jpg","contentUrl":"https:\/\/www.proterrasancta.org\/wp-content\/uploads\/Logo_ProTerraSancta_Colori_web_high_modificato.jpg","width":1018,"height":576,"caption":"Associazione Pro Terra Sancta"},"image":{"@id":"https:\/\/preprod.proterrasancta.org\/it\/#\/schema\/logo\/image\/"},"sameAs":["https:\/\/www.instagram.com\/proterrasancta\/","https:\/\/www.linkedin.com\/company\/pro-terra-sancta\/","https:\/\/www.youtube.com\/user\/proterrasancta","https:\/\/www.facebook.com\/proterrasancta\/","https:\/\/twitter.com\/proterrasancta"]}]}},"_links":{"self":[{"href":"https:\/\/preprod.proterrasancta.org\/it\/wp-json\/wp\/v2\/pages\/204868"}],"collection":[{"href":"https:\/\/preprod.proterrasancta.org\/it\/wp-json\/wp\/v2\/pages"}],"about":[{"href":"https:\/\/preprod.proterrasancta.org\/it\/wp-json\/wp\/v2\/types\/page"}],"author":[{"embeddable":true,"href":"https:\/\/preprod.proterrasancta.org\/it\/wp-json\/wp\/v2\/users\/35"}],"replies":[{"embeddable":true,"href":"https:\/\/preprod.proterrasancta.org\/it\/wp-json\/wp\/v2\/comments?post=204868"}],"version-history":[{"count":2,"href":"https:\/\/preprod.proterrasancta.org\/it\/wp-json\/wp\/v2\/pages\/204868\/revisions"}],"predecessor-version":[{"id":205131,"href":"https:\/\/preprod.proterrasancta.org\/it\/wp-json\/wp\/v2\/pages\/204868\/revisions\/205131"}],"wp:featuredmedia":[{"embeddable":true,"href":"https:\/\/preprod.proterrasancta.org\/it\/wp-json\/wp\/v2\/media\/204871"}],"wp:attachment":[{"href":"https:\/\/preprod.proterrasancta.org\/it\/wp-json\/wp\/v2\/media?parent=204868"}],"wp:term":[{"taxonomy":"category","embeddable":true,"href":"https:\/\/preprod.proterrasancta.org\/it\/wp-json\/wp\/v2\/categories?post=204868"}],"curies":[{"name":"wp","href":"https:\/\/api.w.org\/{rel}","templated":true}]}}