{"id":182382,"date":"2022-07-12T16:16:25","date_gmt":"2022-07-12T14:16:25","guid":{"rendered":"https:\/\/www.proterrasancta.org\/ibreviary-download\/"},"modified":"2024-07-03T18:11:28","modified_gmt":"2024-07-03T16:11:28","slug":"ibreviary-download","status":"publish","type":"page","link":"https:\/\/preprod.proterrasancta.org\/it\/ibreviary-download\/","title":{"rendered":"iBreviary-Download"},"content":{"rendered":"\n<div class=\"wp-block-kadence-rowlayout alignfull\"><div id=\"kt-layout-id_2453a3-00\" class=\"kt-row-layout-inner kt-row-has-bg kt-layout-id_2453a3-00\"><div class=\"kt-row-layout-overlay kt-row-overlay-normal\"><\/div><div class=\"kt-row-column-wrap kt-has-2-columns kt-gutter-default kt-v-gutter-default kt-row-valign-middle kt-row-layout-equal kt-tab-layout-equal kt-m-colapse-right-to-left kt-mobile-layout-row  kt-custom-first-width-45  kt-custom-second-width-55\">\n<div class=\"wp-block-kadence-column inner-column-1 kadence-column_84ec52-24\"><div class=\"kt-inside-inner-col\">\n<h4 class=\"kt-adv-heading_e2193a-50 wp-block-kadence-advancedheading\" data-kb-block=\"kb-adv-heading_e2193a-50\">iBreviary<\/h4>\n\n\n\n<h5 class=\"kt-adv-heading_b07c71-b8 wp-block-kadence-advancedheading\" data-kb-block=\"kb-adv-heading_b07c71-b8\">iBreviary Pro Terra Sancta is the  most famous app that brings the traditional Catholic prayer of the Breviary and all the texts of the Liturgy to your smartphones and tablets.<\/h5>\n\n\n\n<h4 class=\"has-normal-font-size wp-block-heading\"><strong>Scaricala gratis!<\/strong><\/h4>\n\n\n\n<div class=\"wp-block-kadence-advancedbtn kt-btn-align-left kt-btn-tablet-align-inherit kt-btn-mobile-align-center kt-btns-wrap kt-btns_8f6f87-4e\"><div class=\"kt-btn-wrap kt-btn-wrap-0\"><a class=\"kt-button button kt-btn-0-action kt-btn-size-standard kt-btn-style-basic kt-btn-svg-show-always kt-btn-has-text-true kt-btn-has-svg-true\" href=\"https:\/\/play.google.com\/store\/apps\/details?id=com.netguru.ibreviary&amp;hl=it&amp;gl=US\"><span class=\"kt-btn-inner-text\">Google Play<\/span><div style=\"display:inline-flex;justify-content:center;align-items:center\" class=\"kt-btn-svg-icon kt-btn-svg-icon-fe_arrowDownCircle kt-btn-side-right\"><svg style=\"display:inline-block;vertical-align:middle\" viewbox=\"0 0 24 24\" height=\"1em\" width=\"1em\" fill=\"none\" stroke=\"currentColor\" xmlns=\"http:\/\/www.w3.org\/2000\/svg\" stroke-width=\"2\" stroke-linecap=\"round\" stroke-linejoin=\"round\"><circle cx=\"12\" cy=\"12\" r=\"10\"><\/circle><polyline points=\"8 12 12 16 16 12\"><\/polyline><line x1=\"12\" y1=\"8\" x2=\"12\" y2=\"16\"><\/line><\/svg><\/div><\/a><\/div><div class=\"kt-btn-wrap kt-btn-wrap-1\"><a class=\"kt-button button kt-btn-1-action kt-btn-size-standard kt-btn-style-basic kt-btn-svg-show-always kt-btn-has-text-true kt-btn-has-svg-true\" href=\"https:\/\/apps.apple.com\/it\/app\/ibreviary-ts-plus\/id422601705\"><span class=\"kt-btn-inner-text\">Apple Store<\/span><div style=\"display:inline-flex;justify-content:center;align-items:center\" class=\"kt-btn-svg-icon kt-btn-svg-icon-fe_arrowDownCircle kt-btn-side-right\"><svg style=\"display:inline-block;vertical-align:middle\" viewbox=\"0 0 24 24\" height=\"1em\" width=\"1em\" fill=\"none\" stroke=\"currentColor\" xmlns=\"http:\/\/www.w3.org\/2000\/svg\" stroke-width=\"2\" stroke-linecap=\"round\" stroke-linejoin=\"round\"><circle cx=\"12\" cy=\"12\" r=\"10\"><\/circle><polyline points=\"8 12 12 16 16 12\"><\/polyline><line x1=\"12\" y1=\"8\" x2=\"12\" y2=\"16\"><\/line><\/svg><\/div><\/a><\/div><\/div>\n<\/div><\/div>\n\n\n\n<div class=\"wp-block-kadence-column inner-column-2 kadence-column_5ee31e-b7\"><div class=\"kt-inside-inner-col\"><\/div><\/div>\n<\/div><\/div><\/div>\n","protected":false},"excerpt":{"rendered":"","protected":false},"author":35,"featured_media":133151,"parent":0,"menu_order":0,"comment_status":"closed","ping_status":"closed","template":"templates\/longform.php","meta":{"_acf_changed":false,"inline_featured_image":false,"footnotes":""},"categories":[],"class_list":["post-182382","page","type-page","status-publish","has-post-thumbnail","hentry"],"acf":[],"yoast_head":"<!-- This site is optimized with the Yoast SEO Premium plugin v17.7 (Yoast SEO v19.14) - https:\/\/yoast.com\/wordpress\/plugins\/seo\/ -->\n<title>Scarica iBreviary | Pro Terra Sancta<\/title>\n<meta name=\"description\" content=\"Il modo pi\u00f9 semplice per scaricare iBreviary, una delle app per la preghiera pi\u00f9 utilizzate al mondo! Scopri di pi\u00f9 su www.proterrasancta.org\" \/>\n<meta name=\"robots\" content=\"noindex, follow, max-snippet:-1, max-image-preview:large, max-video-preview:-1\" \/>\n<meta property=\"og:locale\" content=\"it_IT\" \/>\n<meta property=\"og:type\" content=\"article\" \/>\n<meta property=\"og:title\" content=\"iBreviary-Download\" \/>\n<meta property=\"og:description\" content=\"Il modo pi\u00f9 semplice per scaricare iBreviary, una delle app per la preghiera pi\u00f9 utilizzate al mondo! Scopri di pi\u00f9 su www.proterrasancta.org\" \/>\n<meta property=\"og:url\" content=\"https:\/\/preprod.proterrasancta.org\/it\/ibreviary-download\/\" \/>\n<meta property=\"og:site_name\" content=\"Pro Terra Sancta\" \/>\n<meta property=\"article:publisher\" content=\"https:\/\/www.facebook.com\/proterrasancta\/\" \/>\n<meta property=\"article:modified_time\" content=\"2024-07-03T16:11:28+00:00\" \/>\n<meta property=\"og:image\" content=\"https:\/\/preprod.proterrasancta.org\/wp-content\/uploads\/iBreviary_Hands.png\" \/>\n\t<meta property=\"og:image:width\" content=\"950\" \/>\n\t<meta property=\"og:image:height\" content=\"662\" \/>\n\t<meta property=\"og:image:type\" content=\"image\/png\" \/>\n<meta name=\"twitter:card\" content=\"summary_large_image\" \/>\n<meta name=\"twitter:site\" content=\"@proterrasancta\" \/>\n<meta name=\"twitter:label1\" content=\"Tempo di lettura stimato\" \/>\n\t<meta name=\"twitter:data1\" content=\"1 minuto\" \/>\n<script type=\"application\/ld+json\" class=\"yoast-schema-graph\">{\"@context\":\"https:\/\/schema.org\",\"@graph\":[{\"@type\":\"WebPage\",\"@id\":\"https:\/\/preprod.proterrasancta.org\/it\/ibreviary-download\/\",\"url\":\"https:\/\/preprod.proterrasancta.org\/it\/ibreviary-download\/\",\"name\":\"Scarica iBreviary | Pro Terra Sancta\",\"isPartOf\":{\"@id\":\"https:\/\/preprod.proterrasancta.org\/it\/#website\"},\"datePublished\":\"2022-07-12T14:16:25+00:00\",\"dateModified\":\"2024-07-03T16:11:28+00:00\",\"description\":\"Il modo pi\u00f9 semplice per scaricare iBreviary, una delle app per la preghiera pi\u00f9 utilizzate al mondo! Scopri di pi\u00f9 su www.proterrasancta.org\",\"breadcrumb\":{\"@id\":\"https:\/\/preprod.proterrasancta.org\/it\/ibreviary-download\/#breadcrumb\"},\"inLanguage\":\"it-IT\",\"potentialAction\":[{\"@type\":\"ReadAction\",\"target\":[\"https:\/\/preprod.proterrasancta.org\/it\/ibreviary-download\/\"]}]},{\"@type\":\"BreadcrumbList\",\"@id\":\"https:\/\/preprod.proterrasancta.org\/it\/ibreviary-download\/#breadcrumb\",\"itemListElement\":[{\"@type\":\"ListItem\",\"position\":1,\"name\":\"Home\",\"item\":\"https:\/\/preprod.proterrasancta.org\/it\/\"},{\"@type\":\"ListItem\",\"position\":2,\"name\":\"iBreviary-Download\"}]},{\"@type\":\"WebSite\",\"@id\":\"https:\/\/preprod.proterrasancta.org\/it\/#website\",\"url\":\"https:\/\/preprod.proterrasancta.org\/it\/\",\"name\":\"Pro Terra Sancta\",\"description\":\"To foster bonds between the Holy Land and the world\",\"publisher\":{\"@id\":\"https:\/\/preprod.proterrasancta.org\/it\/#organization\"},\"potentialAction\":[{\"@type\":\"SearchAction\",\"target\":{\"@type\":\"EntryPoint\",\"urlTemplate\":\"https:\/\/preprod.proterrasancta.org\/it\/?s={search_term_string}\"},\"query-input\":\"required name=search_term_string\"}],\"inLanguage\":\"it-IT\"},{\"@type\":\"Organization\",\"@id\":\"https:\/\/preprod.proterrasancta.org\/it\/#organization\",\"name\":\"Associazione Pro Terra Sancta\",\"url\":\"https:\/\/preprod.proterrasancta.org\/it\/\",\"logo\":{\"@type\":\"ImageObject\",\"inLanguage\":\"it-IT\",\"@id\":\"https:\/\/preprod.proterrasancta.org\/it\/#\/schema\/logo\/image\/\",\"url\":\"https:\/\/www.proterrasancta.org\/wp-content\/uploads\/Logo_ProTerraSancta_Colori_web_high_modificato.jpg\",\"contentUrl\":\"https:\/\/www.proterrasancta.org\/wp-content\/uploads\/Logo_ProTerraSancta_Colori_web_high_modificato.jpg\",\"width\":1018,\"height\":576,\"caption\":\"Associazione Pro Terra Sancta\"},\"image\":{\"@id\":\"https:\/\/preprod.proterrasancta.org\/it\/#\/schema\/logo\/image\/\"},\"sameAs\":[\"https:\/\/www.instagram.com\/proterrasancta\/\",\"https:\/\/www.linkedin.com\/company\/pro-terra-sancta\/\",\"https:\/\/www.youtube.com\/user\/proterrasancta\",\"https:\/\/www.facebook.com\/proterrasancta\/\",\"https:\/\/twitter.com\/proterrasancta\"]}]}<\/script>\n<!-- \/ Yoast SEO Premium plugin. -->","yoast_head_json":{"title":"Scarica iBreviary | Pro Terra Sancta","description":"Il modo pi\u00f9 semplice per scaricare iBreviary, una delle app per la preghiera pi\u00f9 utilizzate al mondo! Scopri di pi\u00f9 su www.proterrasancta.org","robots":{"index":"noindex","follow":"follow","max-snippet":"max-snippet:-1","max-image-preview":"max-image-preview:large","max-video-preview":"max-video-preview:-1"},"og_locale":"it_IT","og_type":"article","og_title":"iBreviary-Download","og_description":"Il modo pi\u00f9 semplice per scaricare iBreviary, una delle app per la preghiera pi\u00f9 utilizzate al mondo! Scopri di pi\u00f9 su www.proterrasancta.org","og_url":"https:\/\/preprod.proterrasancta.org\/it\/ibreviary-download\/","og_site_name":"Pro Terra Sancta","article_publisher":"https:\/\/www.facebook.com\/proterrasancta\/","article_modified_time":"2024-07-03T16:11:28+00:00","og_image":[{"width":950,"height":662,"url":"https:\/\/preprod.proterrasancta.org\/wp-content\/uploads\/iBreviary_Hands.png","type":"image\/png"}],"twitter_card":"summary_large_image","twitter_site":"@proterrasancta","twitter_misc":{"Tempo di lettura stimato":"1 minuto"},"schema":{"@context":"https:\/\/schema.org","@graph":[{"@type":"WebPage","@id":"https:\/\/preprod.proterrasancta.org\/it\/ibreviary-download\/","url":"https:\/\/preprod.proterrasancta.org\/it\/ibreviary-download\/","name":"Scarica iBreviary | Pro Terra Sancta","isPartOf":{"@id":"https:\/\/preprod.proterrasancta.org\/it\/#website"},"datePublished":"2022-07-12T14:16:25+00:00","dateModified":"2024-07-03T16:11:28+00:00","description":"Il modo pi\u00f9 semplice per scaricare iBreviary, una delle app per la preghiera pi\u00f9 utilizzate al mondo! Scopri di pi\u00f9 su www.proterrasancta.org","breadcrumb":{"@id":"https:\/\/preprod.proterrasancta.org\/it\/ibreviary-download\/#breadcrumb"},"inLanguage":"it-IT","potentialAction":[{"@type":"ReadAction","target":["https:\/\/preprod.proterrasancta.org\/it\/ibreviary-download\/"]}]},{"@type":"BreadcrumbList","@id":"https:\/\/preprod.proterrasancta.org\/it\/ibreviary-download\/#breadcrumb","itemListElement":[{"@type":"ListItem","position":1,"name":"Home","item":"https:\/\/preprod.proterrasancta.org\/it\/"},{"@type":"ListItem","position":2,"name":"iBreviary-Download"}]},{"@type":"WebSite","@id":"https:\/\/preprod.proterrasancta.org\/it\/#website","url":"https:\/\/preprod.proterrasancta.org\/it\/","name":"Pro Terra Sancta","description":"To foster bonds between the Holy Land and the world","publisher":{"@id":"https:\/\/preprod.proterrasancta.org\/it\/#organization"},"potentialAction":[{"@type":"SearchAction","target":{"@type":"EntryPoint","urlTemplate":"https:\/\/preprod.proterrasancta.org\/it\/?s={search_term_string}"},"query-input":"required name=search_term_string"}],"inLanguage":"it-IT"},{"@type":"Organization","@id":"https:\/\/preprod.proterrasancta.org\/it\/#organization","name":"Associazione Pro Terra Sancta","url":"https:\/\/preprod.proterrasancta.org\/it\/","logo":{"@type":"ImageObject","inLanguage":"it-IT","@id":"https:\/\/preprod.proterrasancta.org\/it\/#\/schema\/logo\/image\/","url":"https:\/\/www.proterrasancta.org\/wp-content\/uploads\/Logo_ProTerraSancta_Colori_web_high_modificato.jpg","contentUrl":"https:\/\/www.proterrasancta.org\/wp-content\/uploads\/Logo_ProTerraSancta_Colori_web_high_modificato.jpg","width":1018,"height":576,"caption":"Associazione Pro Terra Sancta"},"image":{"@id":"https:\/\/preprod.proterrasancta.org\/it\/#\/schema\/logo\/image\/"},"sameAs":["https:\/\/www.instagram.com\/proterrasancta\/","https:\/\/www.linkedin.com\/company\/pro-terra-sancta\/","https:\/\/www.youtube.com\/user\/proterrasancta","https:\/\/www.facebook.com\/proterrasancta\/","https:\/\/twitter.com\/proterrasancta"]}]}},"_links":{"self":[{"href":"https:\/\/preprod.proterrasancta.org\/it\/wp-json\/wp\/v2\/pages\/182382"}],"collection":[{"href":"https:\/\/preprod.proterrasancta.org\/it\/wp-json\/wp\/v2\/pages"}],"about":[{"href":"https:\/\/preprod.proterrasancta.org\/it\/wp-json\/wp\/v2\/types\/page"}],"author":[{"embeddable":true,"href":"https:\/\/preprod.proterrasancta.org\/it\/wp-json\/wp\/v2\/users\/35"}],"replies":[{"embeddable":true,"href":"https:\/\/preprod.proterrasancta.org\/it\/wp-json\/wp\/v2\/comments?post=182382"}],"version-history":[{"count":4,"href":"https:\/\/preprod.proterrasancta.org\/it\/wp-json\/wp\/v2\/pages\/182382\/revisions"}],"predecessor-version":[{"id":220384,"href":"https:\/\/preprod.proterrasancta.org\/it\/wp-json\/wp\/v2\/pages\/182382\/revisions\/220384"}],"wp:featuredmedia":[{"embeddable":true,"href":"https:\/\/preprod.proterrasancta.org\/it\/wp-json\/wp\/v2\/media\/133151"}],"wp:attachment":[{"href":"https:\/\/preprod.proterrasancta.org\/it\/wp-json\/wp\/v2\/media?parent=182382"}],"wp:term":[{"taxonomy":"category","embeddable":true,"href":"https:\/\/preprod.proterrasancta.org\/it\/wp-json\/wp\/v2\/categories?post=182382"}],"curies":[{"name":"wp","href":"https:\/\/api.w.org\/{rel}","templated":true}]}}