{"id":204881,"date":"2023-01-24T15:55:00","date_gmt":"2023-01-24T14:55:00","guid":{"rendered":"https:\/\/www.proterrasancta.org\/fiesta-de-la-asuncion-de-maria\/"},"modified":"2023-07-27T11:07:24","modified_gmt":"2023-07-27T09:07:24","slug":"fiesta-de-la-asuncion-de-maria","status":"publish","type":"page","link":"https:\/\/preprod.proterrasancta.org\/es\/fiesta-de-la-asuncion-de-maria\/","title":{"rendered":"Fiesta de la Asunci\u00f3n de Mar\u00eda"},"content":{"rendered":"\n<div class=\"wp-block-kadence-rowlayout alignnone\"><div id=\"kt-layout-id_9d9316-bd\" class=\"kt-row-layout-inner kt-row-has-bg kt-layout-id_9d9316-bd kt-jarallax\"><div class=\"kt-row-layout-overlay kt-row-overlay-normal\"><\/div><div class=\"kt-row-column-wrap kt-has-2-columns kt-gutter-default kt-v-gutter-default kt-row-valign-top kt-row-layout-equal kt-tab-layout-row kt-m-colapse-left-to-right kt-mobile-layout-row  kt-custom-first-width-66.7  kt-custom-second-width-33.3\">\n<div class=\"wp-block-kadence-column inner-column-1 kadence-column_a4059b-e4\"><div class=\"kt-inside-inner-col\">\n<h5 class=\"kt-adv-heading_852ddc-10 wp-block-kadence-advancedheading has-yellow-color has-text-color\" data-kb-block=\"kb-adv-heading_852ddc-10\"><strong>AGOSTO 15, 2023<\/strong><\/h5>\n\n\n\n<h1 class=\"kt-adv-heading_cfeb29-60 wp-block-kadence-advancedheading has-white-color has-text-color\" data-kb-block=\"kb-adv-heading_cfeb29-60\">La fiesta de la Asunci\u00f3n de Mar\u00eda<\/h1>\n\n\n\n<div class=\"wp-block-kadence-rowlayout alignnone\"><div id=\"kt-layout-id_ecbcce-83\" class=\"kt-row-layout-inner kt-layout-id_ecbcce-83\"><div class=\"kt-row-column-wrap kt-has-2-columns kt-gutter-none kt-v-gutter-none kt-row-valign-top kt-row-layout-equal kt-tab-layout-row kt-m-colapse-left-to-right kt-mobile-layout-row  kt-custom-first-width-14.8  kt-custom-second-width-85.2\">\n<div class=\"wp-block-kadence-column inner-column-1 kadence-column_e4eb7f-b9 kvs-md-false kvs-sm-false\"><div class=\"kt-inside-inner-col\"><\/div><\/div>\n\n\n\n<div class=\"wp-block-kadence-column inner-column-2 kadence-column_5f4cf7-53\"><div class=\"kt-inside-inner-col\">\n<p class=\"kt-adv-heading_bf9cd7-99 wp-block-kadence-advancedheading has-theme-palette-9-color has-text-color\" data-kb-block=\"kb-adv-heading_bf9cd7-99\"><br>En pleno verano, cuando las actividades se detienen y comienzan los juegos entre la arena, el agua y los paraguas, el <strong>calendario lit\u00fargico no se detiene<\/strong> y, de hecho, nos recuerda una de las fiestas m\u00e1s importantes y hermosas de la religi\u00f3n cristiano-cat\u00f3lica. Es <strong>la Asunci\u00f3n de la Sant\u00edsima Virgen Mar\u00eda, que recuerda el ascenso al cielo de la Madre de Dios despu\u00e9s de su tr\u00e1nsito terrenal.<\/strong><\/p>\n<\/div><\/div>\n<\/div><\/div><\/div>\n<\/div><\/div>\n\n\n\n<div class=\"wp-block-kadence-column inner-column-2 kadence-column_b783a7-73 kvs-md-false kvs-sm-false\"><div class=\"kt-inside-inner-col\"><\/div><\/div>\n<\/div><\/div><\/div>\n\n\n\n<div class=\"wp-block-kadence-rowlayout alignnone\"><div id=\"kt-layout-id_1a6136-cc\" class=\"kt-row-layout-inner kt-layout-id_1a6136-cc\"><div class=\"kt-row-column-wrap kt-has-2-columns kt-gutter-default kt-v-gutter-default kt-row-valign-top kt-row-layout-equal kt-tab-layout-row kt-m-colapse-left-to-right kt-mobile-layout-row  kt-custom-first-width-41.6  kt-custom-second-width-58.4\">\n<div class=\"wp-block-kadence-column inner-column-1 kadence-column_b9dfcd-90\"><div class=\"kt-inside-inner-col\">\n<figure class=\"wp-block-kadence-image kb-image_c0d291-51 size-full\"><img loading=\"lazy\" decoding=\"async\" width=\"500\" height=\"700\" src=\"https:\/\/www.proterrasancta.org\/wp-content\/uploads\/assunzione-1.png\" alt=\"presunci\u00f3n\" class=\"kb-img wp-image-204253\" srcset=\"https:\/\/preprod.proterrasancta.org\/wp-content\/uploads\/assunzione-1.png 500w, https:\/\/preprod.proterrasancta.org\/wp-content\/uploads\/assunzione-1-400x560.png 400w, https:\/\/preprod.proterrasancta.org\/wp-content\/uploads\/assunzione-1-240x336.png 240w\" sizes=\"(max-width: 500px) 100vw, 500px\" \/><\/figure>\n<\/div><\/div>\n\n\n\n<div class=\"wp-block-kadence-column inner-column-2 kadence-column_390b3f-12\"><div class=\"kt-inside-inner-col\">\n<p>No hay rastro de tal episodio en la Sagrada Escritura, y <strong>es s\u00f3lo la tradici\u00f3n cristiana posterior la que aclara su curso.<\/strong> A partir de algunos escritos del siglo IV, de hecho, ha crecido la doctrina seg\u00fan la cual la Sant\u00edsima Virgen Mar\u00eda, no corrompida por el pecado original, <strong>ella no pod\u00eda ser corrompida incluso en el momento de su partida de la tierra. <\/strong>Esto significaba que Mar\u00eda, habiendo cumplido su tiempo terrenal, era <strong>asumido en cuerpo y alma al cielo<\/strong>. De ah\u00ed la fiesta de la Asunci\u00f3n de Mar\u00eda al cielo. No est\u00e1 claro si Mar\u00eda pas\u00f3 o no por la muerte corporal. Hay quienes dicen que s\u00ed, y que el sitio de la <strong>tumba de la Virgen<\/strong>, cerca de Getseman\u00ed, recuerda precisamente eso. Hay quienes dicen que no, que la Virgen pas\u00f3 por una simple &#8216;<strong>Dormici\u00f3n<\/strong>&#8216;, un sue\u00f1o profundo que se recuerda dentro del majestuoso santuario cerca del Cen\u00e1culo, dedicado al <em>Dormitio Beatae Virginis Mariae<\/em>. Ninguna de las dos hip\u00f3tesis es un argumento de fe: si Jes\u00fas mismo pudo pasar por la experiencia de la muerte, saliendo vivo y victorioso, \u00bfpor qu\u00e9 no pudo hacer lo mismo que su madre, un espejo de la gracia y el poder del Esp\u00edritu Santo?<\/p>\n<\/div><\/div>\n<\/div><\/div><\/div>\n\n\n\n<div class=\"wp-block-kadence-rowlayout alignnone\"><div id=\"kt-layout-id_ee511c-9c\" class=\"kt-row-layout-inner kt-row-has-bg kt-layout-id_ee511c-9c\"><div class=\"kt-row-column-wrap kt-has-1-columns kt-gutter-default kt-v-gutter-default kt-row-valign-top kt-row-layout-equal kt-tab-layout-inherit kt-m-colapse-left-to-right kt-mobile-layout-row\">\n<div class=\"wp-block-kadence-column inner-column-1 kadence-column_34357c-4b\"><div class=\"kt-inside-inner-col\">\n<div class=\"wp-block-kadence-rowlayout alignnone\"><div id=\"kt-layout-id_e6c44c-62\" class=\"kt-row-layout-inner kt-layout-id_e6c44c-62\"><div class=\"kt-row-column-wrap kt-has-1-columns kt-gutter-default kt-v-gutter-default kt-row-valign-top kt-row-layout-equal kt-tab-layout-inherit kt-m-colapse-left-to-right kt-mobile-layout-row\">\n<div class=\"wp-block-kadence-column inner-column-1 kadence-column_01ac3a-7a\"><div class=\"kt-inside-inner-col\">\n<h2 class=\"kt-adv-heading_a9a8a7-e0 wp-block-kadence-advancedheading has-theme-palette-9-color has-text-color\" data-kb-block=\"kb-adv-heading_a9a8a7-e0\">Solemnes funciones en memoria de la Virgen Asumida al Cielo<\/h2>\n<\/div><\/div>\n<\/div><\/div><\/div>\n\n\n\n<div class=\"wp-block-kadence-rowlayout alignnone\"><div id=\"kt-layout-id_52a055-01\" class=\"kt-row-layout-inner kt-layout-id_52a055-01\"><div class=\"kt-row-column-wrap kt-has-2-columns kt-gutter-wider kt-v-gutter-default kt-row-valign-top kt-row-layout-equal kt-tab-layout-row kt-m-colapse-left-to-right kt-mobile-layout-row\">\n<div class=\"wp-block-kadence-column inner-column-1 kadence-column_7575e0-a6\"><div class=\"kt-inside-inner-col\">\n<p class=\"has-white-color has-text-color\"><strong>En la Gruta cerca de Getseman\u00ed<\/strong>, donde una antigua tradici\u00f3n informa que el cuerpo de Mar\u00eda (dormida o muerta) descans\u00f3 antes de que la Virgen fuera asumida en el Cielo, los frailes franciscanos realizar\u00e1n una funci\u00f3n a partir de las 20.30. A la suave luz de Jerusal\u00e9n, por la noche, frente al magn\u00edfico teatro de las murallas de la Ciudad Vieja, tejido del oro de la C\u00fapula de la Roca y las mil luces que la <strong>salpican, los Frailes Menores comenzar\u00e1n a rezar intensamente sobre el misterio de la Asunci\u00f3n<\/strong>.<\/p>\n<\/div><\/div>\n\n\n\n<div class=\"wp-block-kadence-column inner-column-2 kadence-column_c1abf2-ea\"><div class=\"kt-inside-inner-col\">\n<p class=\"has-white-color has-text-color\">Y esta oraci\u00f3n en Jerusal\u00e9n arder\u00e1, un poco como el fuego que Mar\u00eda recibi\u00f3 en Pentecost\u00e9s. <strong>a lo largo del d\u00eda siguiente<\/strong>: despu\u00e9s de la Misa de las 7.30 en \u00e1rabe en la cueva de Viglia, a las 10.00 en la Bas\u00edlica de Todas las Naciones, el Custodio presidir\u00e1 una misa solemne. Y luego la oraci\u00f3n continuar\u00e1 hasta la tarde, con v\u00edsperas a las 16.30 y la peregrinaci\u00f3n de los franciscanos a la tumba de Mar\u00eda alrededor de las 17:00.<\/p>\n<\/div><\/div>\n<\/div><\/div><\/div>\n\n\n\n<div class=\"wp-block-kadence-rowlayout alignnone\"><div id=\"kt-layout-id_c7a1e1-4a\" class=\"kt-row-layout-inner kt-layout-id_c7a1e1-4a\"><div class=\"kt-row-column-wrap kt-has-1-columns kt-gutter-default kt-v-gutter-default kt-row-valign-top kt-row-layout-equal kt-tab-layout-inherit kt-m-colapse-left-to-right kt-mobile-layout-row\">\n<div class=\"wp-block-kadence-column inner-column-1 kadence-column_6d742e-c5\"><div class=\"kt-inside-inner-col\">\n<figure class=\"wp-block-kadence-image kb-image_088ba8-ea size-large\"><img loading=\"lazy\" decoding=\"async\" width=\"1000\" height=\"563\" src=\"https:\/\/www.proterrasancta.org\/wp-content\/uploads\/\/assunzione-2-1000x563.png\" alt=\"presunci\u00f3n \" class=\"kb-img wp-image-204260\" srcset=\"https:\/\/preprod.proterrasancta.org\/wp-content\/uploads\/assunzione-2-1000x563.png 1000w, https:\/\/preprod.proterrasancta.org\/wp-content\/uploads\/assunzione-2-400x225.png 400w, https:\/\/preprod.proterrasancta.org\/wp-content\/uploads\/assunzione-2-240x135.png 240w, https:\/\/preprod.proterrasancta.org\/wp-content\/uploads\/assunzione-2-768x432.png 768w, https:\/\/preprod.proterrasancta.org\/wp-content\/uploads\/assunzione-2-1536x864.png 1536w, https:\/\/preprod.proterrasancta.org\/wp-content\/uploads\/assunzione-2.png 1920w\" sizes=\"(max-width: 1000px) 100vw, 1000px\" \/><\/figure>\n<\/div><\/div>\n<\/div><\/div><\/div>\n<\/div><\/div>\n<\/div><\/div><\/div>\n\n\n\n<div style=\"height:250px\" aria-hidden=\"true\" class=\"wp-block-spacer\"><\/div>\n\n\n\n<div class=\"wp-block-kadence-rowlayout alignnone\"><div id=\"kt-layout-id_618819-7d\" class=\"kt-row-layout-inner kt-layout-id_618819-7d\"><div class=\"kt-row-column-wrap kt-has-1-columns kt-gutter-default kt-v-gutter-default kt-row-valign-top kt-row-layout-equal kt-tab-layout-inherit kt-m-colapse-left-to-right kt-mobile-layout-row\">\n<div class=\"wp-block-kadence-column inner-column-1 kadence-column_8d20db-ff\"><div class=\"kt-inside-inner-col\">\n<h5 class=\"kt-adv-heading_a0a1d2-3b wp-block-kadence-advancedheading has-red-color has-text-color\" data-kb-block=\"kb-adv-heading_a0a1d2-3b\"><strong>TIERRA SANTA<\/strong><\/h5>\n\n\n\n<h2 class=\"kt-adv-heading_1e410d-84 wp-block-kadence-advancedheading has-black-color has-text-color\" data-kb-block=\"kb-adv-heading_1e410d-84\">Apoya nuestras actividades<\/h2>\n\n\n\n<p class=\"has-text-align-center has-black-color has-text-color\">Preservamos el <strong>rico patrimonio cultural y natural<\/strong> con el objetivo de sensibilizar sobre su valor en todas las comunidades locales.<\/p>\n\n\n\n<p class=\"has-text-align-center has-black-color has-text-color\">Promovemos actividades de recuperaci\u00f3n y puesta en valor del patrimonio como una oportunidad para formar artesanos cualificados, emplear a j\u00f3venes, mujeres y personas con discapacidad y generar fuentes de ingresos y nuevas formas de hospitalidad a trav\u00e9s de iniciativas socioempresariales relacionadas con el turismo.<\/p>\n<\/div><\/div>\n<\/div><\/div><\/div>\n\n\n\n<div class=\"wp-block-kadence-rowlayout alignnone\" id=\"dona\"><div id=\"kt-layout-id_39a7f8-34\" class=\"kt-row-layout-inner kt-layout-id_39a7f8-34\"><div class=\"kt-row-column-wrap kt-has-1-columns kt-gutter-skinny kt-v-gutter-default kt-row-valign-top kt-row-layout-equal kt-tab-layout-inherit kt-m-colapse-left-to-right kt-mobile-layout-row\">\n<div class=\"wp-block-kadence-column inner-column-1 kadence-column_366350-dc\"><div class=\"kt-inside-inner-col\">\n<h3 class=\"has-text-align-center has-red-color has-text-color wp-block-heading\" id=\"h-con-tarjeta-de-credito-paypal-o-satispay\">CON TARJETA DE CR\u00c9DITO, PayPal O SATISPAY <\/h3>\n\n\n\n<div style=\"height:11px\" aria-hidden=\"true\" class=\"wp-block-spacer\"><\/div>\n\n\n\n<div style=\"background-color:transparent\" class=\"wp-block-proterrasancta-form-donate\"><div class=\"container px-0\"><div id=\"form-donate-root\" class=\"form-donate-root\" data-card-color=\"white\" data-lng=\"es\" data-icon1=\"supporto\" data-icon2=\"supporto\" data-icon3=\"supporto\" data-ask1=\"30\" data-ask2=\"50\" data-ask3=\"100\" data-ask1-text=\"\" data-ask2-text=\"\" data-ask3-text=\"\" data-campaign-tag=\"23_EM_LUGARES_SANTOS_23468\" data-paypal-key=\"AXlo5BqnfFZyW1uZxx5gkgYegrUCI86f7Q65TIABhmOq4Kt5JEb1zM1NdRUKDtV0obCFXmhjIC1tXxQ8\" data-stripe-key=\"pk_live_51HoUXjJhU1LmKSdSbkxGlrACRcf4LTv1RqqzDcqKytqJzbs1tzvrgsw5sRp5USAUGdCg8fHwNbTtvWCTlUno6gSB00fvqTKLzg\" data-env=\"prod\" data-thank-you-url=\"\" data-form-type=\"standard\" data-form-shape=\"form\"><\/div><\/div><\/div>\n\n\n\n<div style=\"height:32px\" aria-hidden=\"true\" class=\"wp-block-spacer\"><\/div>\n<\/div><\/div>\n<\/div><\/div><\/div>\n","protected":false},"excerpt":{"rendered":"","protected":false},"author":35,"featured_media":204875,"parent":0,"menu_order":0,"comment_status":"closed","ping_status":"closed","template":"templates\/longform.php","meta":{"_acf_changed":false,"inline_featured_image":false,"footnotes":""},"categories":[],"class_list":["post-204881","page","type-page","status-publish","has-post-thumbnail","hentry"],"acf":[],"yoast_head":"<!-- This site is optimized with the Yoast SEO Premium plugin v17.7 (Yoast SEO v19.14) - https:\/\/yoast.com\/wordpress\/plugins\/seo\/ -->\n<title>Fiesta de la Asunci\u00f3n de Mar\u00eda | Pro Terra Sancta<\/title>\n<meta name=\"description\" content=\"Hoy es la Asunci\u00f3n de la Sant\u00edsima Virgen Mar\u00eda, que recuerda el ascenso al cielo de la Madre de Dios despu\u00e9s de su tr\u00e1nsito terreno.\" \/>\n<meta name=\"robots\" content=\"noindex, nofollow\" \/>\n<meta property=\"og:locale\" content=\"es_ES\" \/>\n<meta property=\"og:type\" content=\"article\" \/>\n<meta property=\"og:title\" content=\"Fiesta de la Asunci\u00f3n de Mar\u00eda\" \/>\n<meta property=\"og:description\" content=\"Hoy es la Asunci\u00f3n de la Sant\u00edsima Virgen Mar\u00eda, que recuerda el ascenso al cielo de la Madre de Dios despu\u00e9s de su tr\u00e1nsito terreno.\" \/>\n<meta property=\"og:url\" content=\"https:\/\/preprod.proterrasancta.org\/es\/fiesta-de-la-asuncion-de-maria\/\" \/>\n<meta property=\"og:site_name\" content=\"Pro Terra Sancta\" \/>\n<meta property=\"article:publisher\" content=\"https:\/\/www.facebook.com\/proterrasancta\/\" \/>\n<meta property=\"article:modified_time\" content=\"2023-07-27T09:07:24+00:00\" \/>\n<meta property=\"og:image\" content=\"https:\/\/preprod.proterrasancta.org\/wp-content\/uploads\/banner-2-6-1000x583.png\" \/>\n\t<meta property=\"og:image:width\" content=\"1000\" \/>\n\t<meta property=\"og:image:height\" content=\"583\" \/>\n\t<meta property=\"og:image:type\" content=\"image\/png\" \/>\n<meta name=\"twitter:card\" content=\"summary_large_image\" \/>\n<meta name=\"twitter:site\" content=\"@proterrasancta\" \/>\n<meta name=\"twitter:label1\" content=\"Tiempo de lectura\" \/>\n\t<meta name=\"twitter:data1\" content=\"4 minutos\" \/>\n<script type=\"application\/ld+json\" class=\"yoast-schema-graph\">{\"@context\":\"https:\/\/schema.org\",\"@graph\":[{\"@type\":\"WebPage\",\"@id\":\"https:\/\/preprod.proterrasancta.org\/es\/fiesta-de-la-asuncion-de-maria\/\",\"url\":\"https:\/\/preprod.proterrasancta.org\/es\/fiesta-de-la-asuncion-de-maria\/\",\"name\":\"Fiesta de la Asunci\u00f3n de Mar\u00eda | Pro Terra Sancta\",\"isPartOf\":{\"@id\":\"https:\/\/preprod.proterrasancta.org\/it\/#website\"},\"datePublished\":\"2023-01-24T14:55:00+00:00\",\"dateModified\":\"2023-07-27T09:07:24+00:00\",\"description\":\"Hoy es la Asunci\u00f3n de la Sant\u00edsima Virgen Mar\u00eda, que recuerda el ascenso al cielo de la Madre de Dios despu\u00e9s de su tr\u00e1nsito terreno.\",\"breadcrumb\":{\"@id\":\"https:\/\/preprod.proterrasancta.org\/es\/fiesta-de-la-asuncion-de-maria\/#breadcrumb\"},\"inLanguage\":\"es\",\"potentialAction\":[{\"@type\":\"ReadAction\",\"target\":[\"https:\/\/preprod.proterrasancta.org\/es\/fiesta-de-la-asuncion-de-maria\/\"]}]},{\"@type\":\"BreadcrumbList\",\"@id\":\"https:\/\/preprod.proterrasancta.org\/es\/fiesta-de-la-asuncion-de-maria\/#breadcrumb\",\"itemListElement\":[{\"@type\":\"ListItem\",\"position\":1,\"name\":\"Home\",\"item\":\"https:\/\/preprod.proterrasancta.org\/it\/\"},{\"@type\":\"ListItem\",\"position\":2,\"name\":\"Fiesta de la Asunci\u00f3n de Mar\u00eda\"}]},{\"@type\":\"WebSite\",\"@id\":\"https:\/\/preprod.proterrasancta.org\/it\/#website\",\"url\":\"https:\/\/preprod.proterrasancta.org\/it\/\",\"name\":\"Pro Terra Sancta\",\"description\":\"To foster bonds between the Holy Land and the world\",\"publisher\":{\"@id\":\"https:\/\/preprod.proterrasancta.org\/it\/#organization\"},\"potentialAction\":[{\"@type\":\"SearchAction\",\"target\":{\"@type\":\"EntryPoint\",\"urlTemplate\":\"https:\/\/preprod.proterrasancta.org\/it\/?s={search_term_string}\"},\"query-input\":\"required name=search_term_string\"}],\"inLanguage\":\"es\"},{\"@type\":\"Organization\",\"@id\":\"https:\/\/preprod.proterrasancta.org\/it\/#organization\",\"name\":\"Associazione Pro Terra Sancta\",\"url\":\"https:\/\/preprod.proterrasancta.org\/it\/\",\"logo\":{\"@type\":\"ImageObject\",\"inLanguage\":\"es\",\"@id\":\"https:\/\/preprod.proterrasancta.org\/it\/#\/schema\/logo\/image\/\",\"url\":\"https:\/\/www.proterrasancta.org\/wp-content\/uploads\/Logo_ProTerraSancta_Colori_web_high_modificato.jpg\",\"contentUrl\":\"https:\/\/www.proterrasancta.org\/wp-content\/uploads\/Logo_ProTerraSancta_Colori_web_high_modificato.jpg\",\"width\":1018,\"height\":576,\"caption\":\"Associazione Pro Terra Sancta\"},\"image\":{\"@id\":\"https:\/\/preprod.proterrasancta.org\/it\/#\/schema\/logo\/image\/\"},\"sameAs\":[\"https:\/\/www.instagram.com\/proterrasancta\/\",\"https:\/\/www.linkedin.com\/company\/pro-terra-sancta\/\",\"https:\/\/www.youtube.com\/user\/proterrasancta\",\"https:\/\/www.facebook.com\/proterrasancta\/\",\"https:\/\/twitter.com\/proterrasancta\"]}]}<\/script>\n<!-- \/ Yoast SEO Premium plugin. -->","yoast_head_json":{"title":"Fiesta de la Asunci\u00f3n de Mar\u00eda | Pro Terra Sancta","description":"Hoy es la Asunci\u00f3n de la Sant\u00edsima Virgen Mar\u00eda, que recuerda el ascenso al cielo de la Madre de Dios despu\u00e9s de su tr\u00e1nsito terreno.","robots":{"index":"noindex","follow":"nofollow"},"og_locale":"es_ES","og_type":"article","og_title":"Fiesta de la Asunci\u00f3n de Mar\u00eda","og_description":"Hoy es la Asunci\u00f3n de la Sant\u00edsima Virgen Mar\u00eda, que recuerda el ascenso al cielo de la Madre de Dios despu\u00e9s de su tr\u00e1nsito terreno.","og_url":"https:\/\/preprod.proterrasancta.org\/es\/fiesta-de-la-asuncion-de-maria\/","og_site_name":"Pro Terra Sancta","article_publisher":"https:\/\/www.facebook.com\/proterrasancta\/","article_modified_time":"2023-07-27T09:07:24+00:00","og_image":[{"width":1000,"height":583,"url":"https:\/\/preprod.proterrasancta.org\/wp-content\/uploads\/banner-2-6-1000x583.png","type":"image\/png"}],"twitter_card":"summary_large_image","twitter_site":"@proterrasancta","twitter_misc":{"Tiempo de lectura":"4 minutos"},"schema":{"@context":"https:\/\/schema.org","@graph":[{"@type":"WebPage","@id":"https:\/\/preprod.proterrasancta.org\/es\/fiesta-de-la-asuncion-de-maria\/","url":"https:\/\/preprod.proterrasancta.org\/es\/fiesta-de-la-asuncion-de-maria\/","name":"Fiesta de la Asunci\u00f3n de Mar\u00eda | Pro Terra Sancta","isPartOf":{"@id":"https:\/\/preprod.proterrasancta.org\/it\/#website"},"datePublished":"2023-01-24T14:55:00+00:00","dateModified":"2023-07-27T09:07:24+00:00","description":"Hoy es la Asunci\u00f3n de la Sant\u00edsima Virgen Mar\u00eda, que recuerda el ascenso al cielo de la Madre de Dios despu\u00e9s de su tr\u00e1nsito terreno.","breadcrumb":{"@id":"https:\/\/preprod.proterrasancta.org\/es\/fiesta-de-la-asuncion-de-maria\/#breadcrumb"},"inLanguage":"es","potentialAction":[{"@type":"ReadAction","target":["https:\/\/preprod.proterrasancta.org\/es\/fiesta-de-la-asuncion-de-maria\/"]}]},{"@type":"BreadcrumbList","@id":"https:\/\/preprod.proterrasancta.org\/es\/fiesta-de-la-asuncion-de-maria\/#breadcrumb","itemListElement":[{"@type":"ListItem","position":1,"name":"Home","item":"https:\/\/preprod.proterrasancta.org\/it\/"},{"@type":"ListItem","position":2,"name":"Fiesta de la Asunci\u00f3n de Mar\u00eda"}]},{"@type":"WebSite","@id":"https:\/\/preprod.proterrasancta.org\/it\/#website","url":"https:\/\/preprod.proterrasancta.org\/it\/","name":"Pro Terra Sancta","description":"To foster bonds between the Holy Land and the world","publisher":{"@id":"https:\/\/preprod.proterrasancta.org\/it\/#organization"},"potentialAction":[{"@type":"SearchAction","target":{"@type":"EntryPoint","urlTemplate":"https:\/\/preprod.proterrasancta.org\/it\/?s={search_term_string}"},"query-input":"required name=search_term_string"}],"inLanguage":"es"},{"@type":"Organization","@id":"https:\/\/preprod.proterrasancta.org\/it\/#organization","name":"Associazione Pro Terra Sancta","url":"https:\/\/preprod.proterrasancta.org\/it\/","logo":{"@type":"ImageObject","inLanguage":"es","@id":"https:\/\/preprod.proterrasancta.org\/it\/#\/schema\/logo\/image\/","url":"https:\/\/www.proterrasancta.org\/wp-content\/uploads\/Logo_ProTerraSancta_Colori_web_high_modificato.jpg","contentUrl":"https:\/\/www.proterrasancta.org\/wp-content\/uploads\/Logo_ProTerraSancta_Colori_web_high_modificato.jpg","width":1018,"height":576,"caption":"Associazione Pro Terra Sancta"},"image":{"@id":"https:\/\/preprod.proterrasancta.org\/it\/#\/schema\/logo\/image\/"},"sameAs":["https:\/\/www.instagram.com\/proterrasancta\/","https:\/\/www.linkedin.com\/company\/pro-terra-sancta\/","https:\/\/www.youtube.com\/user\/proterrasancta","https:\/\/www.facebook.com\/proterrasancta\/","https:\/\/twitter.com\/proterrasancta"]}]}},"_links":{"self":[{"href":"https:\/\/preprod.proterrasancta.org\/es\/wp-json\/wp\/v2\/pages\/204881"}],"collection":[{"href":"https:\/\/preprod.proterrasancta.org\/es\/wp-json\/wp\/v2\/pages"}],"about":[{"href":"https:\/\/preprod.proterrasancta.org\/es\/wp-json\/wp\/v2\/types\/page"}],"author":[{"embeddable":true,"href":"https:\/\/preprod.proterrasancta.org\/es\/wp-json\/wp\/v2\/users\/35"}],"replies":[{"embeddable":true,"href":"https:\/\/preprod.proterrasancta.org\/es\/wp-json\/wp\/v2\/comments?post=204881"}],"version-history":[{"count":3,"href":"https:\/\/preprod.proterrasancta.org\/es\/wp-json\/wp\/v2\/pages\/204881\/revisions"}],"predecessor-version":[{"id":205133,"href":"https:\/\/preprod.proterrasancta.org\/es\/wp-json\/wp\/v2\/pages\/204881\/revisions\/205133"}],"wp:featuredmedia":[{"embeddable":true,"href":"https:\/\/preprod.proterrasancta.org\/es\/wp-json\/wp\/v2\/media\/204875"}],"wp:attachment":[{"href":"https:\/\/preprod.proterrasancta.org\/es\/wp-json\/wp\/v2\/media?parent=204881"}],"wp:term":[{"taxonomy":"category","embeddable":true,"href":"https:\/\/preprod.proterrasancta.org\/es\/wp-json\/wp\/v2\/categories?post=204881"}],"curies":[{"name":"wp","href":"https:\/\/api.w.org\/{rel}","templated":true}]}}