{"id":169977,"date":"2022-03-16T16:09:21","date_gmt":"2022-03-16T15:09:21","guid":{"rendered":"https:\/\/www.proterrasancta.org\/projekte-in-bethlehem-unterstuetzen\/"},"modified":"2024-01-10T17:37:51","modified_gmt":"2024-01-10T16:37:51","slug":"projekte-in-bethlehem-unterstuetzen","status":"publish","type":"page","link":"https:\/\/preprod.proterrasancta.org\/de\/projekte-in-bethlehem-unterstuetzen\/","title":{"rendered":"Projekte in Bethlehem unterst\u00fctzen"},"content":{"rendered":"\n<div class=\"wp-block-kadence-rowlayout alignnone\"><div id=\"kt-layout-id_b0b94d-5c\" class=\"kt-row-layout-inner kt-row-has-bg kt-layout-id_b0b94d-5c\"><div class=\"kt-row-column-wrap kt-has-2-columns kt-gutter-skinny kt-v-gutter-default kt-row-valign-top kt-row-layout-equal kt-tab-layout-inherit kt-m-colapse-left-to-right kt-mobile-layout-row  kt-custom-first-width-50  kt-custom-second-width-50\">\n<div class=\"wp-block-kadence-column inner-column-1 kadence-column_b516ad-73\"><div class=\"kt-inside-inner-col\">\n<h3 class=\"has-text-align-center has-white-color has-text-color wp-block-heading\" id=\"h-spenden-sie-per-kreditkarte-oder-paypal\">SPENDEN SIE PER KREDITKARTE ODER PayPal<\/h3>\n\n\n\n<div style=\"height:11px\" aria-hidden=\"true\" class=\"wp-block-spacer\"><\/div>\n\n\n\n<div style=\"background-color:transparent\" class=\"wp-block-proterrasancta-form-donate\"><div class=\"container px-0\"><div id=\"form-donate-root\" class=\"form-donate-root\" data-card-color=\"white\" data-lng=\"de\" data-icon1=\"supporto\" data-icon2=\"famiglia\" data-icon3=\"assistenza\" data-ask1=\"50\" data-ask2=\"100\" data-ask3=\"150\" data-ask1-text=\"F\u00fcr Bildungs-und betreuungsaktivit\u00e4ten f\u00fcr die Schw\u00e4chsten\" data-ask2-text=\"F\u00fcr den Wiederaufbau von H\u00e4usern und die Unterst\u00fctzung von Familien\" data-ask3-text=\"zur Unterst\u00fctzung der Gesundheitskosten und Operationen\" data-campaign-tag=\"24_WS5_PROTERRASANCTA\" data-paypal-key=\"AXlo5BqnfFZyW1uZxx5gkgYegrUCI86f7Q65TIABhmOq4Kt5JEb1zM1NdRUKDtV0obCFXmhjIC1tXxQ8\" data-stripe-key=\"pk_live_51HoUXjJhU1LmKSdSbkxGlrACRcf4LTv1RqqzDcqKytqJzbs1tzvrgsw5sRp5USAUGdCg8fHwNbTtvWCTlUno6gSB00fvqTKLzg\" data-env=\"prod\" data-thank-you-url=\"\" data-form-type=\"standard\" data-form-shape=\"form\"><\/div><\/div><\/div>\n<\/div><\/div>\n\n\n\n<div class=\"wp-block-kadence-column inner-column-2 kadence-column_691483-ec\"><div class=\"kt-inside-inner-col\">\n<div style=\"height:71px\" aria-hidden=\"true\" class=\"wp-block-spacer\"><\/div>\n\n\n\n<div style=\"height:2px\" aria-hidden=\"true\" id=\"offline\" class=\"wp-block-spacer\"><\/div>\n\n\n\n<div id=\"kt-info-box_3b2859-e5\" class=\"wp-block-kadence-infobox\"><div class=\"kt-blocks-info-box-link-wrap kt-blocks-info-box-media-align-top kt-info-halign-center\"><div class=\"kt-blocks-info-box-media-container\"><div class=\"kt-blocks-info-box-media kt-info-media-animate-none\"><div class=\"kadence-info-box-icon-container kt-info-icon-animate-none\"><div class=\"kadence-info-box-icon-inner-container\"><span style=\"display:block;justify-content:center;align-items:center\" class=\"kt-info-svg-icon kt-info-svg-icon-fas_paper-plane\"><svg style=\"display:inline-block;vertical-align:middle\" viewBox=\"0 0 512 512\" height=\"50\" width=\"50\" fill=\"currentColor\" xmlns=\"http:\/\/www.w3.org\/2000\/svg\" aria-hidden=\"true\"><path d=\"M476 3.2L12.5 270.6c-18.1 10.4-15.8 35.6 2.2 43.2L121 358.4l287.3-253.2c5.5-4.9 13.3 2.6 8.6 8.3L176 407v80.5c0 23.6 28.5 32.9 42.5 15.8L282 426l124.6 52.2c14.2 6 30.4-2.9 33-18.2l72-432C515 7.8 493.3-6.8 476 3.2z\"><\/path><\/svg><\/span><\/div><\/div><\/div><\/div><div class=\"kt-infobox-textcontent\"><h4 class=\"kt-blocks-info-box-title\"><strong><strong>Bankuberweisung<\/strong><\/strong><\/h4><p class=\"kt-blocks-info-box-text\">Wenn Sie aus einem deutschen Konto spenden und gerne eine Spendenquittung h\u00e4tten<\/p><div class=\"kt-blocks-info-box-learnmore-wrap\"><a class=\"kt-blocks-info-box-learnmore info-box-link\" target=\"_blank\" rel=\"noopener noreferrer\" href=\"https:\/\/www.proterrasancta.org\/de\/spenden-per-bankuberweisung\/\"><br\/>klicken Sie hier<\/a><\/div><\/div><\/div><\/div>\n\n\n\n<div style=\"height:9px\" aria-hidden=\"true\" class=\"wp-block-spacer\"><\/div>\n<\/div><\/div>\n<\/div><\/div><\/div>\n","protected":false},"excerpt":{"rendered":"","protected":false},"author":35,"featured_media":164341,"parent":0,"menu_order":0,"comment_status":"closed","ping_status":"closed","template":"templates\/longform.php","meta":{"_acf_changed":false,"inline_featured_image":false,"footnotes":""},"categories":[],"class_list":["post-169977","page","type-page","status-publish","has-post-thumbnail","hentry"],"acf":[],"yoast_head":"<!-- This site is optimized with the Yoast SEO Premium plugin v17.7 (Yoast SEO v19.14) - https:\/\/yoast.com\/wordpress\/plugins\/seo\/ -->\n<title>Unterst\u00fctze Projekte in Bethlehem | Pro Terra Sancta<\/title>\n<meta name=\"description\" content=\"Unterst\u00fctzen Sie unser Engagement in der Stadt, in der Jesus geboren wurde. Heute braucht Bethlehem uns mehr denn je! Finden Sie heraus, wie auf www.proterrasancta.org\" \/>\n<meta name=\"robots\" content=\"noindex, follow, max-snippet:-1, max-image-preview:large, max-video-preview:-1\" \/>\n<meta property=\"og:locale\" content=\"de_DE\" \/>\n<meta property=\"og:type\" content=\"article\" \/>\n<meta property=\"og:title\" content=\"Projekte in Bethlehem unterst\u00fctzen\" \/>\n<meta property=\"og:description\" content=\"Unterst\u00fctzen Sie unser Engagement in der Stadt, in der Jesus geboren wurde. Heute braucht Bethlehem uns mehr denn je! Finden Sie heraus, wie auf www.proterrasancta.org\" \/>\n<meta property=\"og:url\" content=\"https:\/\/preprod.proterrasancta.org\/de\/projekte-in-bethlehem-unterstuetzen\/\" \/>\n<meta property=\"og:site_name\" content=\"Pro Terra Sancta\" \/>\n<meta property=\"article:publisher\" content=\"https:\/\/www.facebook.com\/proterrasancta\/\" \/>\n<meta property=\"article:modified_time\" content=\"2024-01-10T16:37:51+00:00\" \/>\n<meta property=\"og:image\" content=\"https:\/\/preprod.proterrasancta.org\/wp-content\/uploads\/betlemme-1.png\" \/>\n\t<meta property=\"og:image:width\" content=\"600\" \/>\n\t<meta property=\"og:image:height\" content=\"400\" \/>\n\t<meta property=\"og:image:type\" content=\"image\/png\" \/>\n<meta name=\"twitter:card\" content=\"summary_large_image\" \/>\n<meta name=\"twitter:site\" content=\"@proterrasancta\" \/>\n<meta name=\"twitter:label1\" content=\"Gesch\u00e4tzte Lesezeit\" \/>\n\t<meta name=\"twitter:data1\" content=\"1 Minute\" \/>\n<script type=\"application\/ld+json\" class=\"yoast-schema-graph\">{\"@context\":\"https:\/\/schema.org\",\"@graph\":[{\"@type\":\"WebPage\",\"@id\":\"https:\/\/preprod.proterrasancta.org\/de\/projekte-in-bethlehem-unterstuetzen\/\",\"url\":\"https:\/\/preprod.proterrasancta.org\/de\/projekte-in-bethlehem-unterstuetzen\/\",\"name\":\"Unterst\u00fctze Projekte in Bethlehem | Pro Terra Sancta\",\"isPartOf\":{\"@id\":\"https:\/\/preprod.proterrasancta.org\/it\/#website\"},\"datePublished\":\"2022-03-16T15:09:21+00:00\",\"dateModified\":\"2024-01-10T16:37:51+00:00\",\"description\":\"Unterst\u00fctzen Sie unser Engagement in der Stadt, in der Jesus geboren wurde. Heute braucht Bethlehem uns mehr denn je! Finden Sie heraus, wie auf www.proterrasancta.org\",\"breadcrumb\":{\"@id\":\"https:\/\/preprod.proterrasancta.org\/de\/projekte-in-bethlehem-unterstuetzen\/#breadcrumb\"},\"inLanguage\":\"de-DE\",\"potentialAction\":[{\"@type\":\"ReadAction\",\"target\":[\"https:\/\/preprod.proterrasancta.org\/de\/projekte-in-bethlehem-unterstuetzen\/\"]}]},{\"@type\":\"BreadcrumbList\",\"@id\":\"https:\/\/preprod.proterrasancta.org\/de\/projekte-in-bethlehem-unterstuetzen\/#breadcrumb\",\"itemListElement\":[{\"@type\":\"ListItem\",\"position\":1,\"name\":\"Home\",\"item\":\"https:\/\/preprod.proterrasancta.org\/it\/\"},{\"@type\":\"ListItem\",\"position\":2,\"name\":\"Projekte in Bethlehem unterst\u00fctzen\"}]},{\"@type\":\"WebSite\",\"@id\":\"https:\/\/preprod.proterrasancta.org\/it\/#website\",\"url\":\"https:\/\/preprod.proterrasancta.org\/it\/\",\"name\":\"Pro Terra Sancta\",\"description\":\"To foster bonds between the Holy Land and the world\",\"publisher\":{\"@id\":\"https:\/\/preprod.proterrasancta.org\/it\/#organization\"},\"potentialAction\":[{\"@type\":\"SearchAction\",\"target\":{\"@type\":\"EntryPoint\",\"urlTemplate\":\"https:\/\/preprod.proterrasancta.org\/it\/?s={search_term_string}\"},\"query-input\":\"required name=search_term_string\"}],\"inLanguage\":\"de-DE\"},{\"@type\":\"Organization\",\"@id\":\"https:\/\/preprod.proterrasancta.org\/it\/#organization\",\"name\":\"Associazione Pro Terra Sancta\",\"url\":\"https:\/\/preprod.proterrasancta.org\/it\/\",\"logo\":{\"@type\":\"ImageObject\",\"inLanguage\":\"de-DE\",\"@id\":\"https:\/\/preprod.proterrasancta.org\/it\/#\/schema\/logo\/image\/\",\"url\":\"https:\/\/www.proterrasancta.org\/wp-content\/uploads\/Logo_ProTerraSancta_Colori_web_high_modificato.jpg\",\"contentUrl\":\"https:\/\/www.proterrasancta.org\/wp-content\/uploads\/Logo_ProTerraSancta_Colori_web_high_modificato.jpg\",\"width\":1018,\"height\":576,\"caption\":\"Associazione Pro Terra Sancta\"},\"image\":{\"@id\":\"https:\/\/preprod.proterrasancta.org\/it\/#\/schema\/logo\/image\/\"},\"sameAs\":[\"https:\/\/www.instagram.com\/proterrasancta\/\",\"https:\/\/www.linkedin.com\/company\/pro-terra-sancta\/\",\"https:\/\/www.youtube.com\/user\/proterrasancta\",\"https:\/\/www.facebook.com\/proterrasancta\/\",\"https:\/\/twitter.com\/proterrasancta\"]}]}<\/script>\n<!-- \/ Yoast SEO Premium plugin. -->","yoast_head_json":{"title":"Unterst\u00fctze Projekte in Bethlehem | Pro Terra Sancta","description":"Unterst\u00fctzen Sie unser Engagement in der Stadt, in der Jesus geboren wurde. Heute braucht Bethlehem uns mehr denn je! Finden Sie heraus, wie auf www.proterrasancta.org","robots":{"index":"noindex","follow":"follow","max-snippet":"max-snippet:-1","max-image-preview":"max-image-preview:large","max-video-preview":"max-video-preview:-1"},"og_locale":"de_DE","og_type":"article","og_title":"Projekte in Bethlehem unterst\u00fctzen","og_description":"Unterst\u00fctzen Sie unser Engagement in der Stadt, in der Jesus geboren wurde. Heute braucht Bethlehem uns mehr denn je! Finden Sie heraus, wie auf www.proterrasancta.org","og_url":"https:\/\/preprod.proterrasancta.org\/de\/projekte-in-bethlehem-unterstuetzen\/","og_site_name":"Pro Terra Sancta","article_publisher":"https:\/\/www.facebook.com\/proterrasancta\/","article_modified_time":"2024-01-10T16:37:51+00:00","og_image":[{"width":600,"height":400,"url":"https:\/\/preprod.proterrasancta.org\/wp-content\/uploads\/betlemme-1.png","type":"image\/png"}],"twitter_card":"summary_large_image","twitter_site":"@proterrasancta","twitter_misc":{"Gesch\u00e4tzte Lesezeit":"1 Minute"},"schema":{"@context":"https:\/\/schema.org","@graph":[{"@type":"WebPage","@id":"https:\/\/preprod.proterrasancta.org\/de\/projekte-in-bethlehem-unterstuetzen\/","url":"https:\/\/preprod.proterrasancta.org\/de\/projekte-in-bethlehem-unterstuetzen\/","name":"Unterst\u00fctze Projekte in Bethlehem | Pro Terra Sancta","isPartOf":{"@id":"https:\/\/preprod.proterrasancta.org\/it\/#website"},"datePublished":"2022-03-16T15:09:21+00:00","dateModified":"2024-01-10T16:37:51+00:00","description":"Unterst\u00fctzen Sie unser Engagement in der Stadt, in der Jesus geboren wurde. Heute braucht Bethlehem uns mehr denn je! Finden Sie heraus, wie auf www.proterrasancta.org","breadcrumb":{"@id":"https:\/\/preprod.proterrasancta.org\/de\/projekte-in-bethlehem-unterstuetzen\/#breadcrumb"},"inLanguage":"de-DE","potentialAction":[{"@type":"ReadAction","target":["https:\/\/preprod.proterrasancta.org\/de\/projekte-in-bethlehem-unterstuetzen\/"]}]},{"@type":"BreadcrumbList","@id":"https:\/\/preprod.proterrasancta.org\/de\/projekte-in-bethlehem-unterstuetzen\/#breadcrumb","itemListElement":[{"@type":"ListItem","position":1,"name":"Home","item":"https:\/\/preprod.proterrasancta.org\/it\/"},{"@type":"ListItem","position":2,"name":"Projekte in Bethlehem unterst\u00fctzen"}]},{"@type":"WebSite","@id":"https:\/\/preprod.proterrasancta.org\/it\/#website","url":"https:\/\/preprod.proterrasancta.org\/it\/","name":"Pro Terra Sancta","description":"To foster bonds between the Holy Land and the world","publisher":{"@id":"https:\/\/preprod.proterrasancta.org\/it\/#organization"},"potentialAction":[{"@type":"SearchAction","target":{"@type":"EntryPoint","urlTemplate":"https:\/\/preprod.proterrasancta.org\/it\/?s={search_term_string}"},"query-input":"required name=search_term_string"}],"inLanguage":"de-DE"},{"@type":"Organization","@id":"https:\/\/preprod.proterrasancta.org\/it\/#organization","name":"Associazione Pro Terra Sancta","url":"https:\/\/preprod.proterrasancta.org\/it\/","logo":{"@type":"ImageObject","inLanguage":"de-DE","@id":"https:\/\/preprod.proterrasancta.org\/it\/#\/schema\/logo\/image\/","url":"https:\/\/www.proterrasancta.org\/wp-content\/uploads\/Logo_ProTerraSancta_Colori_web_high_modificato.jpg","contentUrl":"https:\/\/www.proterrasancta.org\/wp-content\/uploads\/Logo_ProTerraSancta_Colori_web_high_modificato.jpg","width":1018,"height":576,"caption":"Associazione Pro Terra Sancta"},"image":{"@id":"https:\/\/preprod.proterrasancta.org\/it\/#\/schema\/logo\/image\/"},"sameAs":["https:\/\/www.instagram.com\/proterrasancta\/","https:\/\/www.linkedin.com\/company\/pro-terra-sancta\/","https:\/\/www.youtube.com\/user\/proterrasancta","https:\/\/www.facebook.com\/proterrasancta\/","https:\/\/twitter.com\/proterrasancta"]}]}},"_links":{"self":[{"href":"https:\/\/preprod.proterrasancta.org\/de\/wp-json\/wp\/v2\/pages\/169977"}],"collection":[{"href":"https:\/\/preprod.proterrasancta.org\/de\/wp-json\/wp\/v2\/pages"}],"about":[{"href":"https:\/\/preprod.proterrasancta.org\/de\/wp-json\/wp\/v2\/types\/page"}],"author":[{"embeddable":true,"href":"https:\/\/preprod.proterrasancta.org\/de\/wp-json\/wp\/v2\/users\/35"}],"replies":[{"embeddable":true,"href":"https:\/\/preprod.proterrasancta.org\/de\/wp-json\/wp\/v2\/comments?post=169977"}],"version-history":[{"count":4,"href":"https:\/\/preprod.proterrasancta.org\/de\/wp-json\/wp\/v2\/pages\/169977\/revisions"}],"predecessor-version":[{"id":209042,"href":"https:\/\/preprod.proterrasancta.org\/de\/wp-json\/wp\/v2\/pages\/169977\/revisions\/209042"}],"wp:featuredmedia":[{"embeddable":true,"href":"https:\/\/preprod.proterrasancta.org\/de\/wp-json\/wp\/v2\/media\/164341"}],"wp:attachment":[{"href":"https:\/\/preprod.proterrasancta.org\/de\/wp-json\/wp\/v2\/media?parent=169977"}],"wp:term":[{"taxonomy":"category","embeddable":true,"href":"https:\/\/preprod.proterrasancta.org\/de\/wp-json\/wp\/v2\/categories?post=169977"}],"curies":[{"name":"wp","href":"https:\/\/api.w.org\/{rel}","templated":true}]}}